{"id":1537,"date":"2024-12-28T11:23:38","date_gmt":"2024-12-28T11:23:38","guid":{"rendered":"https:\/\/evolluxor.com\/?page_id=1537"},"modified":"2025-09-30T09:19:45","modified_gmt":"2025-09-30T09:19:45","slug":"planos","status":"publish","type":"page","link":"https:\/\/evolluxor.com\/index.php\/planos\/","title":{"rendered":"PLANOS"},"content":{"rendered":"\t\t<div data-elementor-type=\"wp-page\" data-elementor-id=\"1537\" class=\"elementor elementor-1537\" data-elementor-post-type=\"page\">\n\t\t\t\t<div class=\"elementor-element elementor-element-689f886 e-flex e-con-boxed e-con e-parent\" data-id=\"689f886\" data-element_type=\"container\" data-e-type=\"container\" data-settings=\"{&quot;background_background&quot;:&quot;classic&quot;}\">\n\t\t\t\t\t<div class=\"e-con-inner\">\n\t\t\t\t\t<\/div>\n\t\t\t\t<\/div>\n\t\t<div class=\"elementor-element elementor-element-180dcfe3 e-flex e-con-boxed e-con e-parent\" data-id=\"180dcfe3\" data-element_type=\"container\" data-e-type=\"container\" data-settings=\"{&quot;background_background&quot;:&quot;classic&quot;}\">\n\t\t\t\t\t<div class=\"e-con-inner\">\n\t\t\t\t<div class=\"elementor-element elementor-element-564b9b8 elementor-invisible elementor-widget elementor-widget-heading\" data-id=\"564b9b8\" data-element_type=\"widget\" data-e-type=\"widget\" data-settings=\"{&quot;_animation&quot;:&quot;fadeInDown&quot;}\" data-widget_type=\"heading.default\">\n\t\t\t\t<div class=\"elementor-widget-container\">\n\t\t\t\t\t<h2 class=\"elementor-heading-title elementor-size-default\">Est\u00fadios Evolluxor<\/h2>\t\t\t\t<\/div>\n\t\t\t\t<\/div>\n\t\t\t\t\t<\/div>\n\t\t\t\t<\/div>\n\t\t<div class=\"elementor-element elementor-element-52fdaa0 e-flex e-con-boxed e-con e-parent\" data-id=\"52fdaa0\" data-element_type=\"container\" data-e-type=\"container\">\n\t\t\t\t\t<div class=\"e-con-inner\">\n\t\t<div class=\"elementor-element elementor-element-832633a e-con-full e-flex elementor-invisible e-con e-child\" data-id=\"832633a\" data-element_type=\"container\" data-e-type=\"container\" data-settings=\"{&quot;animation&quot;:&quot;fadeInUp&quot;}\">\n\t\t\t\t<div class=\"elementor-element elementor-element-3daa5de elementor-invisible elementor-widget elementor-widget-heading\" data-id=\"3daa5de\" data-element_type=\"widget\" data-e-type=\"widget\" data-settings=\"{&quot;_animation&quot;:&quot;fadeInUp&quot;}\" data-widget_type=\"heading.default\">\n\t\t\t\t<div class=\"elementor-widget-container\">\n\t\t\t\t\t<h2 class=\"elementor-heading-title elementor-size-default\">Onde estamos<\/h2>\t\t\t\t<\/div>\n\t\t\t\t<\/div>\n\t\t<div class=\"elementor-element elementor-element-acd60a2 e-con-full e-flex e-con e-child\" data-id=\"acd60a2\" data-element_type=\"container\" data-e-type=\"container\">\n\t\t<div class=\"elementor-element elementor-element-407133a e-con-full e-flex e-con e-child\" data-id=\"407133a\" data-element_type=\"container\" data-e-type=\"container\">\n\t\t\t\t<div class=\"elementor-element elementor-element-7b930f2 elementor-widget__width-initial elementor-invisible elementor-widget elementor-widget-heading\" data-id=\"7b930f2\" data-element_type=\"widget\" data-e-type=\"widget\" data-settings=\"{&quot;_animation&quot;:&quot;fadeIn&quot;}\" data-widget_type=\"heading.default\">\n\t\t\t\t<div class=\"elementor-widget-container\">\n\t\t\t\t\t<h2 class=\"elementor-heading-title elementor-size-default\">Saldanha<\/h2>\t\t\t\t<\/div>\n\t\t\t\t<\/div>\n\t\t\t\t<div class=\"elementor-element elementor-element-0173347 custom-marks elementor-invisible elementor-widget elementor-widget-text-editor\" data-id=\"0173347\" data-element_type=\"widget\" data-e-type=\"widget\" data-settings=\"{&quot;_animation&quot;:&quot;fadeIn&quot;}\" data-widget_type=\"text-editor.default\">\n\t\t\t\t<div class=\"elementor-widget-container\">\n\t\t\t\t\t\t\t\t\t<p>(+351) 96 3551 604<\/p>\t\t\t\t\t\t\t\t<\/div>\n\t\t\t\t<\/div>\n\t\t\t\t<div class=\"elementor-element elementor-element-ab44746 custom-marks elementor-invisible elementor-widget elementor-widget-text-editor\" data-id=\"ab44746\" data-element_type=\"widget\" data-e-type=\"widget\" data-settings=\"{&quot;_animation&quot;:&quot;fadeIn&quot;}\" data-widget_type=\"text-editor.default\">\n\t\t\t\t<div class=\"elementor-widget-container\">\n\t\t\t\t\t\t\t\t\t<p>Rua de Dona Estef\u00e2nia 22B,<br \/>1150-174 Lisboa<\/p>\t\t\t\t\t\t\t\t<\/div>\n\t\t\t\t<\/div>\n\t\t\t\t<\/div>\n\t\t<div class=\"elementor-element elementor-element-b47a3f9 e-con-full e-flex e-con e-child\" data-id=\"b47a3f9\" data-element_type=\"container\" data-e-type=\"container\">\n\t\t\t\t<div class=\"elementor-element elementor-element-88462a7 elementor-widget__width-initial elementor-invisible elementor-widget elementor-widget-heading\" data-id=\"88462a7\" data-element_type=\"widget\" data-e-type=\"widget\" data-settings=\"{&quot;_animation&quot;:&quot;fadeIn&quot;}\" data-widget_type=\"heading.default\">\n\t\t\t\t<div class=\"elementor-widget-container\">\n\t\t\t\t\t<h2 class=\"elementor-heading-title elementor-size-default\">Parque das Na\u00e7\u00f5es<\/h2>\t\t\t\t<\/div>\n\t\t\t\t<\/div>\n\t\t\t\t<div class=\"elementor-element elementor-element-a688676 custom-marks elementor-invisible elementor-widget elementor-widget-text-editor\" data-id=\"a688676\" data-element_type=\"widget\" data-e-type=\"widget\" data-settings=\"{&quot;_animation&quot;:&quot;fadeIn&quot;}\" data-widget_type=\"text-editor.default\">\n\t\t\t\t<div class=\"elementor-widget-container\">\n\t\t\t\t\t\t\t\t\t<p>(+351) 96 172 48 27<\/p>\t\t\t\t\t\t\t\t<\/div>\n\t\t\t\t<\/div>\n\t\t\t\t<div class=\"elementor-element elementor-element-47193af custom-marks elementor-invisible elementor-widget elementor-widget-text-editor\" data-id=\"47193af\" data-element_type=\"widget\" data-e-type=\"widget\" data-settings=\"{&quot;_animation&quot;:&quot;fadeIn&quot;}\" data-widget_type=\"text-editor.default\">\n\t\t\t\t<div class=\"elementor-widget-container\">\n\t\t\t\t\t\t\t\t\t<p>Loja 5 B, Bloco F <br \/>Rua do Kuanza Letra H<br \/>1990-614 Lisboa<\/p>\t\t\t\t\t\t\t\t<\/div>\n\t\t\t\t<\/div>\n\t\t\t\t<\/div>\n\t\t<div class=\"elementor-element elementor-element-a72216d e-con-full e-flex e-con e-child\" data-id=\"a72216d\" data-element_type=\"container\" data-e-type=\"container\">\n\t\t\t\t<div class=\"elementor-element elementor-element-b949cab elementor-widget__width-initial elementor-invisible elementor-widget elementor-widget-heading\" data-id=\"b949cab\" data-element_type=\"widget\" data-e-type=\"widget\" data-settings=\"{&quot;_animation&quot;:&quot;fadeIn&quot;}\" data-widget_type=\"heading.default\">\n\t\t\t\t<div class=\"elementor-widget-container\">\n\t\t\t\t\t<h2 class=\"elementor-heading-title elementor-size-default\">Pa\u00e7o de arcos<\/h2>\t\t\t\t<\/div>\n\t\t\t\t<\/div>\n\t\t\t\t<div class=\"elementor-element elementor-element-1776102 custom-marks elementor-invisible elementor-widget elementor-widget-text-editor\" data-id=\"1776102\" data-element_type=\"widget\" data-e-type=\"widget\" data-settings=\"{&quot;_animation&quot;:&quot;fadeIn&quot;}\" data-widget_type=\"text-editor.default\">\n\t\t\t\t<div class=\"elementor-widget-container\">\n\t\t\t\t\t\t\t\t\t<p>(+351) 91 029 84 42<\/p>\t\t\t\t\t\t\t\t<\/div>\n\t\t\t\t<\/div>\n\t\t\t\t<div class=\"elementor-element elementor-element-9c23c30 custom-marks elementor-invisible elementor-widget elementor-widget-text-editor\" data-id=\"9c23c30\" data-element_type=\"widget\" data-e-type=\"widget\" data-settings=\"{&quot;_animation&quot;:&quot;fadeIn&quot;}\" data-widget_type=\"text-editor.default\">\n\t\t\t\t<div class=\"elementor-widget-container\">\n\t\t\t\t\t\t\t\t\t<p>Largo Leonor Faria Gomes, <br \/>2770-108 Pa\u00e7o de Arcos<\/p>\t\t\t\t\t\t\t\t<\/div>\n\t\t\t\t<\/div>\n\t\t\t\t<\/div>\n\t\t\t\t<\/div>\n\t\t\t\t<\/div>\n\t\t\t\t\t<\/div>\n\t\t\t\t<\/div>\n\t\t<div class=\"elementor-element elementor-element-6745b98 e-flex e-con-boxed e-con e-parent\" data-id=\"6745b98\" data-element_type=\"container\" data-e-type=\"container\" data-settings=\"{&quot;background_background&quot;:&quot;classic&quot;}\">\n\t\t\t\t\t<div class=\"e-con-inner\">\n\t\t\t\t<div class=\"elementor-element elementor-element-b7370a9 elementor-invisible elementor-widget elementor-widget-heading\" data-id=\"b7370a9\" data-element_type=\"widget\" data-e-type=\"widget\" data-settings=\"{&quot;_animation&quot;:&quot;fadeInUp&quot;}\" data-widget_type=\"heading.default\">\n\t\t\t\t<div class=\"elementor-widget-container\">\n\t\t\t\t\t<h2 class=\"elementor-heading-title elementor-size-default\">Os nossos planos<\/h2>\t\t\t\t<\/div>\n\t\t\t\t<\/div>\n\t\t\t\t<div class=\"elementor-element elementor-element-2c672df elementor-widget__width-initial elementor-widget-mobile__width-inherit elementor-invisible elementor-widget elementor-widget-text-editor\" data-id=\"2c672df\" data-element_type=\"widget\" data-e-type=\"widget\" data-settings=\"{&quot;_animation&quot;:&quot;fadeInUp&quot;}\" data-widget_type=\"text-editor.default\">\n\t\t\t\t<div class=\"elementor-widget-container\">\n\t\t\t\t\t\t\t\t\t<p>Escolhe como queres cuidar de ti: temos planos flex\u00edveis que se adequam ao teu estilo de vida.<\/p>\t\t\t\t\t\t\t\t<\/div>\n\t\t\t\t<\/div>\n\t\t<div class=\"elementor-element elementor-element-e068d2d e-con-full e-flex e-con e-child\" data-id=\"e068d2d\" data-element_type=\"container\" data-e-type=\"container\">\n\t\t<div class=\"elementor-element elementor-element-f876384 e-con-full e-flex e-con e-child\" data-id=\"f876384\" data-element_type=\"container\" data-e-type=\"container\" data-settings=\"{&quot;background_background&quot;:&quot;classic&quot;}\">\n\t\t<div class=\"elementor-element elementor-element-15d30ac e-con-full e-transform e-flex elementor-invisible e-con e-child\" data-id=\"15d30ac\" data-element_type=\"container\" data-e-type=\"container\" data-settings=\"{&quot;background_background&quot;:&quot;classic&quot;,&quot;animation&quot;:&quot;fadeIn&quot;,&quot;_transform_scale_effect_hover&quot;:{&quot;unit&quot;:&quot;px&quot;,&quot;size&quot;:1.02,&quot;sizes&quot;:[]},&quot;_transform_scale_effect_hover_tablet&quot;:{&quot;unit&quot;:&quot;px&quot;,&quot;size&quot;:&quot;&quot;,&quot;sizes&quot;:[]},&quot;_transform_scale_effect_hover_mobile&quot;:{&quot;unit&quot;:&quot;px&quot;,&quot;size&quot;:&quot;&quot;,&quot;sizes&quot;:[]}}\">\n\t\t\t\t<div class=\"elementor-element elementor-element-a675461 elementor-widget__width-initial elementor-invisible elementor-widget elementor-widget-heading\" data-id=\"a675461\" data-element_type=\"widget\" data-e-type=\"widget\" data-settings=\"{&quot;_animation&quot;:&quot;fadeIn&quot;}\" data-widget_type=\"heading.default\">\n\t\t\t\t<div class=\"elementor-widget-container\">\n\t\t\t\t\t<h2 class=\"elementor-heading-title elementor-size-default\">TREINO<br>PERSONALIZADO<\/h2>\t\t\t\t<\/div>\n\t\t\t\t<\/div>\n\t\t\t\t<div class=\"elementor-element elementor-element-931a0ad custom-marks elementor-invisible elementor-widget elementor-widget-text-editor\" data-id=\"931a0ad\" data-element_type=\"widget\" data-e-type=\"widget\" data-settings=\"{&quot;_animation&quot;:&quot;fadeIn&quot;}\" data-widget_type=\"text-editor.default\">\n\t\t\t\t<div class=\"elementor-widget-container\">\n\t\t\t\t\t\t\t\t\t<p>Desde 174\u20ac \/ m\u00eas<\/p>\t\t\t\t\t\t\t\t<\/div>\n\t\t\t\t<\/div>\n\t\t\t\t<\/div>\n\t\t\t\t<\/div>\n\t\t<div class=\"elementor-element elementor-element-78ee7f5 e-con-full e-flex e-con e-child\" data-id=\"78ee7f5\" data-element_type=\"container\" data-e-type=\"container\" data-settings=\"{&quot;background_background&quot;:&quot;classic&quot;}\">\n\t\t<div class=\"elementor-element elementor-element-740898e e-con-full e-transform e-flex elementor-invisible e-con e-child\" data-id=\"740898e\" data-element_type=\"container\" data-e-type=\"container\" data-settings=\"{&quot;background_background&quot;:&quot;classic&quot;,&quot;animation&quot;:&quot;fadeIn&quot;,&quot;_transform_scale_effect_hover&quot;:{&quot;unit&quot;:&quot;px&quot;,&quot;size&quot;:1.02,&quot;sizes&quot;:[]},&quot;_transform_scale_effect_hover_tablet&quot;:{&quot;unit&quot;:&quot;px&quot;,&quot;size&quot;:&quot;&quot;,&quot;sizes&quot;:[]},&quot;_transform_scale_effect_hover_mobile&quot;:{&quot;unit&quot;:&quot;px&quot;,&quot;size&quot;:&quot;&quot;,&quot;sizes&quot;:[]}}\">\n\t\t\t\t<div class=\"elementor-element elementor-element-4bfd3d4 elementor-widget__width-initial elementor-invisible elementor-widget elementor-widget-heading\" data-id=\"4bfd3d4\" data-element_type=\"widget\" data-e-type=\"widget\" data-settings=\"{&quot;_animation&quot;:&quot;fadeIn&quot;}\" data-widget_type=\"heading.default\">\n\t\t\t\t<div class=\"elementor-widget-container\">\n\t\t\t\t\t<h2 class=\"elementor-heading-title elementor-size-default\">Personal<br>training<br>\n+<br>\nSmall Group\n<br>Training<\/h2>\t\t\t\t<\/div>\n\t\t\t\t<\/div>\n\t\t\t\t<div class=\"elementor-element elementor-element-83c2ed7 custom-marks elementor-invisible elementor-widget elementor-widget-text-editor\" data-id=\"83c2ed7\" data-element_type=\"widget\" data-e-type=\"widget\" data-settings=\"{&quot;_animation&quot;:&quot;fadeIn&quot;}\" data-widget_type=\"text-editor.default\">\n\t\t\t\t<div class=\"elementor-widget-container\">\n\t\t\t\t\t\t\t\t\t<p>Desde 234\u20ac \/ m\u00eas<\/p>\t\t\t\t\t\t\t\t<\/div>\n\t\t\t\t<\/div>\n\t\t\t\t<\/div>\n\t\t\t\t<\/div>\n\t\t<div class=\"elementor-element elementor-element-4e3f78b e-con-full e-flex e-con e-child\" data-id=\"4e3f78b\" data-element_type=\"container\" data-e-type=\"container\" data-settings=\"{&quot;background_background&quot;:&quot;classic&quot;}\">\n\t\t<div class=\"elementor-element elementor-element-1a07198 e-con-full e-transform e-flex elementor-invisible e-con e-child\" data-id=\"1a07198\" data-element_type=\"container\" data-e-type=\"container\" data-settings=\"{&quot;background_background&quot;:&quot;classic&quot;,&quot;animation&quot;:&quot;fadeIn&quot;,&quot;_transform_scale_effect_hover&quot;:{&quot;unit&quot;:&quot;px&quot;,&quot;size&quot;:1.02,&quot;sizes&quot;:[]},&quot;_transform_scale_effect_hover_tablet&quot;:{&quot;unit&quot;:&quot;px&quot;,&quot;size&quot;:&quot;&quot;,&quot;sizes&quot;:[]},&quot;_transform_scale_effect_hover_mobile&quot;:{&quot;unit&quot;:&quot;px&quot;,&quot;size&quot;:&quot;&quot;,&quot;sizes&quot;:[]}}\">\n\t\t\t\t<div class=\"elementor-element elementor-element-98cd699 elementor-widget__width-initial elementor-invisible elementor-widget elementor-widget-heading\" data-id=\"98cd699\" data-element_type=\"widget\" data-e-type=\"widget\" data-settings=\"{&quot;_animation&quot;:&quot;fadeIn&quot;}\" data-widget_type=\"heading.default\">\n\t\t\t\t<div class=\"elementor-widget-container\">\n\t\t\t\t\t<h2 class=\"elementor-heading-title elementor-size-default\">Small Group<br>Training<\/h2>\t\t\t\t<\/div>\n\t\t\t\t<\/div>\n\t\t\t\t<div class=\"elementor-element elementor-element-c93b549 custom-marks elementor-invisible elementor-widget elementor-widget-text-editor\" data-id=\"c93b549\" data-element_type=\"widget\" data-e-type=\"widget\" data-settings=\"{&quot;_animation&quot;:&quot;fadeIn&quot;}\" data-widget_type=\"text-editor.default\">\n\t\t\t\t<div class=\"elementor-widget-container\">\n\t\t\t\t\t\t\t\t\t<p>Desde 164\u20ac \/ m\u00eas<\/p>\t\t\t\t\t\t\t\t<\/div>\n\t\t\t\t<\/div>\n\t\t\t\t<\/div>\n\t\t\t\t<\/div>\n\t\t\t\t<\/div>\n\t\t\t\t\t<\/div>\n\t\t\t\t<\/div>\n\t\t<div class=\"elementor-element elementor-element-16313a1a e-flex e-con-boxed e-con e-parent\" data-id=\"16313a1a\" data-element_type=\"container\" data-e-type=\"container\" data-settings=\"{&quot;background_background&quot;:&quot;classic&quot;}\">\n\t\t\t\t\t<div class=\"e-con-inner\">\n\t\t\t\t<div class=\"elementor-element elementor-element-13f4fcbb elementor-widget-tablet__width-initial elementor-widget-mobile__width-initial elementor-invisible elementor-widget elementor-widget-heading\" data-id=\"13f4fcbb\" data-element_type=\"widget\" data-e-type=\"widget\" data-settings=\"{&quot;_animation&quot;:&quot;fadeInUp&quot;}\" data-widget_type=\"heading.default\">\n\t\t\t\t<div class=\"elementor-widget-container\">\n\t\t\t\t\t<h2 class=\"elementor-heading-title elementor-size-default\">Antes de decidires, vem experimentar<\/h2>\t\t\t\t<\/div>\n\t\t\t\t<\/div>\n\t\t\t\t<div class=\"elementor-element elementor-element-331063a4 elementor-align-center e-transform elementor-widget-mobile__width-initial elementor-widget-tablet__width-initial elementor-invisible elementor-widget elementor-widget-button\" data-id=\"331063a4\" data-element_type=\"widget\" data-e-type=\"widget\" data-settings=\"{&quot;_transform_scale_effect_hover&quot;:{&quot;unit&quot;:&quot;px&quot;,&quot;size&quot;:1.05,&quot;sizes&quot;:[]},&quot;_animation&quot;:&quot;fadeInUp&quot;,&quot;_transform_scale_effect_hover_tablet&quot;:{&quot;unit&quot;:&quot;px&quot;,&quot;size&quot;:&quot;&quot;,&quot;sizes&quot;:[]},&quot;_transform_scale_effect_hover_mobile&quot;:{&quot;unit&quot;:&quot;px&quot;,&quot;size&quot;:&quot;&quot;,&quot;sizes&quot;:[]}}\" data-widget_type=\"button.default\">\n\t\t\t\t<div class=\"elementor-widget-container\">\n\t\t\t\t\t\t\t\t\t<div class=\"elementor-button-wrapper\">\n\t\t\t\t\t<a class=\"elementor-button elementor-button-link elementor-size-sm\" href=\"https:\/\/evolluxor.com\/index.php\/treino-experimental\/\">\n\t\t\t\t\t\t<span class=\"elementor-button-content-wrapper\">\n\t\t\t\t\t\t\t\t\t<span class=\"elementor-button-text\">MARCAR TREINO EXPERIMENTAL<\/span>\n\t\t\t\t\t<\/span>\n\t\t\t\t\t<\/a>\n\t\t\t\t<\/div>\n\t\t\t\t\t\t\t\t<\/div>\n\t\t\t\t<\/div>\n\t\t\t\t\t<\/div>\n\t\t\t\t<\/div>\n\t\t\t\t<\/div>\n\t\t","protected":false},"excerpt":{"rendered":"<p>Est\u00fadios Evolluxor Onde estamos Saldanha (+351) 96 3551 604 Rua de Dona Estef\u00e2nia 22B,1150-174 Lisboa Parque das Na\u00e7\u00f5es (+351) 96 172 48 27 Loja 5 B, Bloco F Rua do Kuanza Letra H1990-614 Lisboa Pa\u00e7o de arcos (+351) 91 029 84 42 Largo Leonor Faria Gomes, 2770-108 Pa\u00e7o de Arcos Os nossos planos Escolhe como [&hellip;]<\/p>\n","protected":false},"author":1,"featured_media":135,"parent":0,"menu_order":0,"comment_status":"closed","ping_status":"closed","template":"elementor_header_footer","meta":{"footnotes":""},"class_list":["post-1537","page","type-page","status-publish","has-post-thumbnail","hentry"],"yoast_head":"<!-- This site is optimized with the Yoast SEO plugin v27.4 - https:\/\/yoast.com\/product\/yoast-seo-wordpress\/ -->\n<title>PLANOS - evolluxor.com<\/title>\n<meta name=\"robots\" content=\"index, follow, max-snippet:-1, max-image-preview:large, max-video-preview:-1\" \/>\n<link rel=\"canonical\" href=\"https:\/\/evolluxor.com\/index.php\/planos\/\" \/>\n<meta property=\"og:locale\" content=\"pt_PT\" \/>\n<meta property=\"og:type\" content=\"article\" \/>\n<meta property=\"og:title\" content=\"PLANOS - evolluxor.com\" \/>\n<meta property=\"og:description\" content=\"Est\u00fadios Evolluxor Onde estamos Saldanha (+351) 96 3551 604 Rua de Dona Estef\u00e2nia 22B,1150-174 Lisboa Parque das Na\u00e7\u00f5es (+351) 96 172 48 27 Loja 5 B, Bloco F Rua do Kuanza Letra H1990-614 Lisboa Pa\u00e7o de arcos (+351) 91 029 84 42 Largo Leonor Faria Gomes, 2770-108 Pa\u00e7o de Arcos Os nossos planos Escolhe como [&hellip;]\" \/>\n<meta property=\"og:url\" content=\"https:\/\/evolluxor.com\/index.php\/planos\/\" \/>\n<meta property=\"og:site_name\" content=\"evolluxor.com\" \/>\n<meta property=\"article:modified_time\" content=\"2025-09-30T09:19:45+00:00\" \/>\n<meta property=\"og:image\" content=\"https:\/\/evolluxor.com\/wp-content\/uploads\/2024\/12\/evolluxor-63-1024x313.png\" \/>\n\t<meta property=\"og:image:width\" content=\"1024\" \/>\n\t<meta property=\"og:image:height\" content=\"313\" \/>\n\t<meta property=\"og:image:type\" content=\"image\/png\" \/>\n<meta name=\"twitter:card\" content=\"summary_large_image\" \/>\n<meta name=\"twitter:label1\" content=\"Tempo estimado de leitura\" \/>\n\t<meta name=\"twitter:data1\" content=\"1 minuto\" \/>\n<script type=\"application\/ld+json\" class=\"yoast-schema-graph\">{\"@context\":\"https:\\\/\\\/schema.org\",\"@graph\":[{\"@type\":\"WebPage\",\"@id\":\"https:\\\/\\\/evolluxor.com\\\/index.php\\\/planos\\\/\",\"url\":\"https:\\\/\\\/evolluxor.com\\\/index.php\\\/planos\\\/\",\"name\":\"PLANOS - evolluxor.com\",\"isPartOf\":{\"@id\":\"https:\\\/\\\/evolluxor.com\\\/#website\"},\"primaryImageOfPage\":{\"@id\":\"https:\\\/\\\/evolluxor.com\\\/index.php\\\/planos\\\/#primaryimage\"},\"image\":{\"@id\":\"https:\\\/\\\/evolluxor.com\\\/index.php\\\/planos\\\/#primaryimage\"},\"thumbnailUrl\":\"https:\\\/\\\/evolluxor.com\\\/wp-content\\\/uploads\\\/2024\\\/12\\\/evolluxor-63.png\",\"datePublished\":\"2024-12-28T11:23:38+00:00\",\"dateModified\":\"2025-09-30T09:19:45+00:00\",\"breadcrumb\":{\"@id\":\"https:\\\/\\\/evolluxor.com\\\/index.php\\\/planos\\\/#breadcrumb\"},\"inLanguage\":\"pt-PT\",\"potentialAction\":[{\"@type\":\"ReadAction\",\"target\":[\"https:\\\/\\\/evolluxor.com\\\/index.php\\\/planos\\\/\"]}]},{\"@type\":\"ImageObject\",\"inLanguage\":\"pt-PT\",\"@id\":\"https:\\\/\\\/evolluxor.com\\\/index.php\\\/planos\\\/#primaryimage\",\"url\":\"https:\\\/\\\/evolluxor.com\\\/wp-content\\\/uploads\\\/2024\\\/12\\\/evolluxor-63.png\",\"contentUrl\":\"https:\\\/\\\/evolluxor.com\\\/wp-content\\\/uploads\\\/2024\\\/12\\\/evolluxor-63.png\",\"width\":7680,\"height\":2344},{\"@type\":\"BreadcrumbList\",\"@id\":\"https:\\\/\\\/evolluxor.com\\\/index.php\\\/planos\\\/#breadcrumb\",\"itemListElement\":[{\"@type\":\"ListItem\",\"position\":1,\"name\":\"Home\",\"item\":\"https:\\\/\\\/evolluxor.com\\\/\"},{\"@type\":\"ListItem\",\"position\":2,\"name\":\"PLANOS\"}]},{\"@type\":\"WebSite\",\"@id\":\"https:\\\/\\\/evolluxor.com\\\/#website\",\"url\":\"https:\\\/\\\/evolluxor.com\\\/\",\"name\":\"evolluxor.com\",\"description\":\"A revolu\u00e7\u00e3o do bem-estar\",\"publisher\":{\"@id\":\"https:\\\/\\\/evolluxor.com\\\/#organization\"},\"potentialAction\":[{\"@type\":\"SearchAction\",\"target\":{\"@type\":\"EntryPoint\",\"urlTemplate\":\"https:\\\/\\\/evolluxor.com\\\/?s={search_term_string}\"},\"query-input\":{\"@type\":\"PropertyValueSpecification\",\"valueRequired\":true,\"valueName\":\"search_term_string\"}}],\"inLanguage\":\"pt-PT\"},{\"@type\":\"Organization\",\"@id\":\"https:\\\/\\\/evolluxor.com\\\/#organization\",\"name\":\"evolluxor.com\",\"url\":\"https:\\\/\\\/evolluxor.com\\\/\",\"logo\":{\"@type\":\"ImageObject\",\"inLanguage\":\"pt-PT\",\"@id\":\"https:\\\/\\\/evolluxor.com\\\/#\\\/schema\\\/logo\\\/image\\\/\",\"url\":\"https:\\\/\\\/evolluxor.com\\\/wp-content\\\/uploads\\\/2024\\\/11\\\/Ativo-2@2x.png\",\"contentUrl\":\"https:\\\/\\\/evolluxor.com\\\/wp-content\\\/uploads\\\/2024\\\/11\\\/Ativo-2@2x.png\",\"width\":2161,\"height\":2161,\"caption\":\"evolluxor.com\"},\"image\":{\"@id\":\"https:\\\/\\\/evolluxor.com\\\/#\\\/schema\\\/logo\\\/image\\\/\"}}]}<\/script>\n<!-- \/ Yoast SEO plugin. -->","yoast_head_json":{"title":"PLANOS - evolluxor.com","robots":{"index":"index","follow":"follow","max-snippet":"max-snippet:-1","max-image-preview":"max-image-preview:large","max-video-preview":"max-video-preview:-1"},"canonical":"https:\/\/evolluxor.com\/index.php\/planos\/","og_locale":"pt_PT","og_type":"article","og_title":"PLANOS - evolluxor.com","og_description":"Est\u00fadios Evolluxor Onde estamos Saldanha (+351) 96 3551 604 Rua de Dona Estef\u00e2nia 22B,1150-174 Lisboa Parque das Na\u00e7\u00f5es (+351) 96 172 48 27 Loja 5 B, Bloco F Rua do Kuanza Letra H1990-614 Lisboa Pa\u00e7o de arcos (+351) 91 029 84 42 Largo Leonor Faria Gomes, 2770-108 Pa\u00e7o de Arcos Os nossos planos Escolhe como [&hellip;]","og_url":"https:\/\/evolluxor.com\/index.php\/planos\/","og_site_name":"evolluxor.com","article_modified_time":"2025-09-30T09:19:45+00:00","og_image":[{"width":1024,"height":313,"url":"https:\/\/evolluxor.com\/wp-content\/uploads\/2024\/12\/evolluxor-63-1024x313.png","type":"image\/png"}],"twitter_card":"summary_large_image","twitter_misc":{"Tempo estimado de leitura":"1 minuto"},"schema":{"@context":"https:\/\/schema.org","@graph":[{"@type":"WebPage","@id":"https:\/\/evolluxor.com\/index.php\/planos\/","url":"https:\/\/evolluxor.com\/index.php\/planos\/","name":"PLANOS - evolluxor.com","isPartOf":{"@id":"https:\/\/evolluxor.com\/#website"},"primaryImageOfPage":{"@id":"https:\/\/evolluxor.com\/index.php\/planos\/#primaryimage"},"image":{"@id":"https:\/\/evolluxor.com\/index.php\/planos\/#primaryimage"},"thumbnailUrl":"https:\/\/evolluxor.com\/wp-content\/uploads\/2024\/12\/evolluxor-63.png","datePublished":"2024-12-28T11:23:38+00:00","dateModified":"2025-09-30T09:19:45+00:00","breadcrumb":{"@id":"https:\/\/evolluxor.com\/index.php\/planos\/#breadcrumb"},"inLanguage":"pt-PT","potentialAction":[{"@type":"ReadAction","target":["https:\/\/evolluxor.com\/index.php\/planos\/"]}]},{"@type":"ImageObject","inLanguage":"pt-PT","@id":"https:\/\/evolluxor.com\/index.php\/planos\/#primaryimage","url":"https:\/\/evolluxor.com\/wp-content\/uploads\/2024\/12\/evolluxor-63.png","contentUrl":"https:\/\/evolluxor.com\/wp-content\/uploads\/2024\/12\/evolluxor-63.png","width":7680,"height":2344},{"@type":"BreadcrumbList","@id":"https:\/\/evolluxor.com\/index.php\/planos\/#breadcrumb","itemListElement":[{"@type":"ListItem","position":1,"name":"Home","item":"https:\/\/evolluxor.com\/"},{"@type":"ListItem","position":2,"name":"PLANOS"}]},{"@type":"WebSite","@id":"https:\/\/evolluxor.com\/#website","url":"https:\/\/evolluxor.com\/","name":"evolluxor.com","description":"A revolu\u00e7\u00e3o do bem-estar","publisher":{"@id":"https:\/\/evolluxor.com\/#organization"},"potentialAction":[{"@type":"SearchAction","target":{"@type":"EntryPoint","urlTemplate":"https:\/\/evolluxor.com\/?s={search_term_string}"},"query-input":{"@type":"PropertyValueSpecification","valueRequired":true,"valueName":"search_term_string"}}],"inLanguage":"pt-PT"},{"@type":"Organization","@id":"https:\/\/evolluxor.com\/#organization","name":"evolluxor.com","url":"https:\/\/evolluxor.com\/","logo":{"@type":"ImageObject","inLanguage":"pt-PT","@id":"https:\/\/evolluxor.com\/#\/schema\/logo\/image\/","url":"https:\/\/evolluxor.com\/wp-content\/uploads\/2024\/11\/Ativo-2@2x.png","contentUrl":"https:\/\/evolluxor.com\/wp-content\/uploads\/2024\/11\/Ativo-2@2x.png","width":2161,"height":2161,"caption":"evolluxor.com"},"image":{"@id":"https:\/\/evolluxor.com\/#\/schema\/logo\/image\/"}}]}},"_links":{"self":[{"href":"https:\/\/evolluxor.com\/index.php\/wp-json\/wp\/v2\/pages\/1537","targetHints":{"allow":["GET"]}}],"collection":[{"href":"https:\/\/evolluxor.com\/index.php\/wp-json\/wp\/v2\/pages"}],"about":[{"href":"https:\/\/evolluxor.com\/index.php\/wp-json\/wp\/v2\/types\/page"}],"author":[{"embeddable":true,"href":"https:\/\/evolluxor.com\/index.php\/wp-json\/wp\/v2\/users\/1"}],"replies":[{"embeddable":true,"href":"https:\/\/evolluxor.com\/index.php\/wp-json\/wp\/v2\/comments?post=1537"}],"version-history":[{"count":43,"href":"https:\/\/evolluxor.com\/index.php\/wp-json\/wp\/v2\/pages\/1537\/revisions"}],"predecessor-version":[{"id":2828,"href":"https:\/\/evolluxor.com\/index.php\/wp-json\/wp\/v2\/pages\/1537\/revisions\/2828"}],"wp:featuredmedia":[{"embeddable":true,"href":"https:\/\/evolluxor.com\/index.php\/wp-json\/wp\/v2\/media\/135"}],"wp:attachment":[{"href":"https:\/\/evolluxor.com\/index.php\/wp-json\/wp\/v2\/media?parent=1537"}],"curies":[{"name":"wp","href":"https:\/\/api.w.org\/{rel}","templated":true}]}}