{"id":1536,"date":"2024-12-28T11:23:00","date_gmt":"2024-12-28T11:23:00","guid":{"rendered":"https:\/\/evolluxor.com\/?page_id=1536"},"modified":"2025-01-31T13:47:49","modified_gmt":"2025-01-31T13:47:49","slug":"parceiros-2","status":"publish","type":"page","link":"https:\/\/evolluxor.com\/index.php\/parceiros-2\/","title":{"rendered":"PARCEIROS"},"content":{"rendered":"\t\t<div data-elementor-type=\"wp-page\" data-elementor-id=\"1536\" class=\"elementor elementor-1536\" data-elementor-post-type=\"page\">\n\t\t\t\t<div class=\"elementor-element elementor-element-7264c29 e-flex e-con-boxed e-con e-parent\" data-id=\"7264c29\" data-element_type=\"container\" data-e-type=\"container\" data-settings=\"{&quot;background_background&quot;:&quot;classic&quot;}\">\n\t\t\t\t\t<div class=\"e-con-inner\">\n\t\t\t\t\t<\/div>\n\t\t\t\t<\/div>\n\t\t<div class=\"elementor-element elementor-element-180dcfe3 e-flex e-con-boxed e-con e-parent\" data-id=\"180dcfe3\" data-element_type=\"container\" data-e-type=\"container\" data-settings=\"{&quot;background_background&quot;:&quot;classic&quot;}\">\n\t\t\t\t\t<div class=\"e-con-inner\">\n\t\t\t\t<div class=\"elementor-element elementor-element-0b96e3a elementor-invisible elementor-widget elementor-widget-heading\" data-id=\"0b96e3a\" data-element_type=\"widget\" data-e-type=\"widget\" data-settings=\"{&quot;_animation&quot;:&quot;fadeInDown&quot;}\" data-widget_type=\"heading.default\">\n\t\t\t\t<div class=\"elementor-widget-container\">\n\t\t\t\t\t<h2 class=\"elementor-heading-title elementor-size-default\">Parceiros<\/h2>\t\t\t\t<\/div>\n\t\t\t\t<\/div>\n\t\t\t\t\t<\/div>\n\t\t\t\t<\/div>\n\t\t<div class=\"elementor-element elementor-element-6745b98 e-flex e-con-boxed e-con e-parent\" data-id=\"6745b98\" data-element_type=\"container\" data-e-type=\"container\" data-settings=\"{&quot;background_background&quot;:&quot;classic&quot;}\">\n\t\t\t\t\t<div class=\"e-con-inner\">\n\t\t\t\t<div class=\"elementor-element elementor-element-b7370a9 elementor-invisible elementor-widget elementor-widget-heading\" data-id=\"b7370a9\" data-element_type=\"widget\" data-e-type=\"widget\" data-settings=\"{&quot;_animation&quot;:&quot;fadeInUp&quot;}\" data-widget_type=\"heading.default\">\n\t\t\t\t<div class=\"elementor-widget-container\">\n\t\t\t\t\t<h2 class=\"elementor-heading-title elementor-size-default\">Queres abrir um est\u00fadio Evolluxor?<\/h2>\t\t\t\t<\/div>\n\t\t\t\t<\/div>\n\t\t\t\t<div class=\"elementor-element elementor-element-2c672df elementor-widget__width-initial elementor-invisible elementor-widget elementor-widget-text-editor\" data-id=\"2c672df\" data-element_type=\"widget\" data-e-type=\"widget\" data-settings=\"{&quot;_animation&quot;:&quot;fadeInUp&quot;}\" data-widget_type=\"text-editor.default\">\n\t\t\t\t<div class=\"elementor-widget-container\">\n\t\t\t\t\t\t\t\t\t<p>Transforma o futuro do fitness na tua cidade com a nossa tecnologia de treino inovadora.<\/p>\t\t\t\t\t\t\t\t<\/div>\n\t\t\t\t<\/div>\n\t\t\t\t\t<\/div>\n\t\t\t\t<\/div>\n\t\t<div class=\"elementor-element elementor-element-16313a1a e-flex e-con-boxed e-con e-parent\" data-id=\"16313a1a\" data-element_type=\"container\" data-e-type=\"container\" data-settings=\"{&quot;background_background&quot;:&quot;classic&quot;}\">\n\t\t\t\t\t<div class=\"e-con-inner\">\n\t\t<div class=\"elementor-element elementor-element-fe1ef63 e-con-full e-flex e-con e-child\" data-id=\"fe1ef63\" data-element_type=\"container\" data-e-type=\"container\">\n\t\t\t\t<div class=\"elementor-element elementor-element-13f4fcbb elementor-invisible elementor-widget elementor-widget-heading\" data-id=\"13f4fcbb\" data-element_type=\"widget\" data-e-type=\"widget\" data-settings=\"{&quot;_animation&quot;:&quot;fadeInUp&quot;}\" data-widget_type=\"heading.default\">\n\t\t\t\t<div class=\"elementor-widget-container\">\n\t\t\t\t\t<h2 class=\"elementor-heading-title elementor-size-default\">Por que escolher a Evolluxor?<\/h2>\t\t\t\t<\/div>\n\t\t\t\t<\/div>\n\t\t\t\t<div class=\"elementor-element elementor-element-a2e4188 elementor-widget__width-inherit elementor-invisible elementor-widget elementor-widget-text-editor\" data-id=\"a2e4188\" data-element_type=\"widget\" data-e-type=\"widget\" data-settings=\"{&quot;_animation&quot;:&quot;fadeInUp&quot;}\" data-widget_type=\"text-editor.default\">\n\t\t\t\t<div class=\"elementor-widget-container\">\n\t\t\t\t\t\t\t\t\t<p>Criamos uma experi\u00eancia de treino que vai al\u00e9m dos resultados f\u00edsicos. Utilizamos tecnologia avan\u00e7ada para oferecer treinos r\u00e1pidos e eficazes, com foco no bem-estar.<\/p><p>Ao abrires um est\u00fadio Evolluxor estar\u00e1s a trazer um conceito inovador para a tua comunidade, redefinindo o fitness e ajudando os clientes a alcan\u00e7ar seus objetivos com efici\u00eancia e prazer.<\/p>\t\t\t\t\t\t\t\t<\/div>\n\t\t\t\t<\/div>\n\t\t\t\t<\/div>\n\t\t<div class=\"elementor-element elementor-element-94ad509 e-con-full e-flex e-con e-child\" data-id=\"94ad509\" data-element_type=\"container\" data-e-type=\"container\" data-settings=\"{&quot;background_background&quot;:&quot;classic&quot;}\">\n\t\t\t\t<\/div>\n\t\t\t\t\t<\/div>\n\t\t\t\t<\/div>\n\t\t<div class=\"elementor-element elementor-element-f0d399c e-flex e-con-boxed e-con e-parent\" data-id=\"f0d399c\" data-element_type=\"container\" data-e-type=\"container\" data-settings=\"{&quot;background_background&quot;:&quot;classic&quot;}\">\n\t\t\t\t\t<div class=\"e-con-inner\">\n\t\t\t\t<div class=\"elementor-element elementor-element-258ece2 elementor-invisible elementor-widget elementor-widget-heading\" data-id=\"258ece2\" data-element_type=\"widget\" data-e-type=\"widget\" data-settings=\"{&quot;_animation&quot;:&quot;fadeInUp&quot;}\" data-widget_type=\"heading.default\">\n\t\t\t\t<div class=\"elementor-widget-container\">\n\t\t\t\t\t<h2 class=\"elementor-heading-title elementor-size-default\">Queres abrir um est\u00fadio Evolluxor?<\/h2>\t\t\t\t<\/div>\n\t\t\t\t<\/div>\n\t\t\t\t<div class=\"elementor-element elementor-element-fee8465 elementor-widget__width-initial custom-marks elementor-invisible elementor-widget elementor-widget-text-editor\" data-id=\"fee8465\" data-element_type=\"widget\" data-e-type=\"widget\" data-settings=\"{&quot;_animation&quot;:&quot;fadeInUp&quot;}\" data-widget_type=\"text-editor.default\">\n\t\t\t\t<div class=\"elementor-widget-container\">\n\t\t\t\t\t\t\t\t\t<ul><li>Leva a <strong>tecnologia de ponta<\/strong> em estimula\u00e7\u00e3o para a tua cidade, oferecendo aos clientes resultados em menos tempo;<\/li><li><strong>Faz parte de uma marca reconhecida<\/strong> pelo seu compromisso com a inova\u00e7\u00e3o e o bem-estar.<\/li><li>Uma opera\u00e7\u00e3o simples e eficiente, com <strong>suporte em marketing, vendas e tecnologia<\/strong> para maximizar o sucesso do est\u00fadio.<\/li><li>Desde o lan\u00e7amento at\u00e9 a opera\u00e7\u00e3o di\u00e1ria, a nossa equipa oferece apoio em todas as etapas.<\/li><\/ul>\t\t\t\t\t\t\t\t<\/div>\n\t\t\t\t<\/div>\n\t\t<div class=\"elementor-element elementor-element-7763622 e-con-full e-flex e-con e-child\" data-id=\"7763622\" data-element_type=\"container\" data-e-type=\"container\">\n\t\t\t\t<div class=\"elementor-element elementor-element-ce640f9 elementor-invisible elementor-widget elementor-widget-heading\" data-id=\"ce640f9\" data-element_type=\"widget\" data-e-type=\"widget\" data-settings=\"{&quot;_animation&quot;:&quot;fadeInUp&quot;}\" data-widget_type=\"heading.default\">\n\t\t\t\t<div class=\"elementor-widget-container\">\n\t\t\t\t\t<h2 class=\"elementor-heading-title elementor-size-default\">1.<\/h2>\t\t\t\t<\/div>\n\t\t\t\t<\/div>\n\t\t\t\t<div class=\"elementor-element elementor-element-655e298 elementor-widget__width-initial custom-marks elementor-invisible elementor-widget elementor-widget-text-editor\" data-id=\"655e298\" data-element_type=\"widget\" data-e-type=\"widget\" data-settings=\"{&quot;_animation&quot;:&quot;fadeInUp&quot;}\" data-widget_type=\"text-editor.default\">\n\t\t\t\t<div class=\"elementor-widget-container\">\n\t\t\t\t\t\t\t\t\t<p>Preenche o formul\u00e1rio abaixo para saber mais sobre como abrir o teu pr\u00f3prio est\u00fadio Evolluxor.<\/p>\t\t\t\t\t\t\t\t<\/div>\n\t\t\t\t<\/div>\n\t\t\t\t<div class=\"elementor-element elementor-element-539c283 elementor-invisible elementor-widget elementor-widget-heading\" data-id=\"539c283\" data-element_type=\"widget\" data-e-type=\"widget\" data-settings=\"{&quot;_animation&quot;:&quot;fadeInUp&quot;}\" data-widget_type=\"heading.default\">\n\t\t\t\t<div class=\"elementor-widget-container\">\n\t\t\t\t\t<h2 class=\"elementor-heading-title elementor-size-default\">2.<\/h2>\t\t\t\t<\/div>\n\t\t\t\t<\/div>\n\t\t\t\t<div class=\"elementor-element elementor-element-0285777 elementor-widget__width-initial custom-marks elementor-invisible elementor-widget elementor-widget-text-editor\" data-id=\"0285777\" data-element_type=\"widget\" data-e-type=\"widget\" data-settings=\"{&quot;_animation&quot;:&quot;fadeInUp&quot;}\" data-widget_type=\"text-editor.default\">\n\t\t\t\t<div class=\"elementor-widget-container\">\n\t\t\t\t\t\t\t\t\t<p>Entraremos em contacto contigo para analisar a tua candidatura, e entendermos a vis\u00e3o que tens para o teu est\u00fadio.<\/p>\t\t\t\t\t\t\t\t<\/div>\n\t\t\t\t<\/div>\n\t\t\t\t<div class=\"elementor-element elementor-element-0f2cb3f elementor-invisible elementor-widget elementor-widget-heading\" data-id=\"0f2cb3f\" data-element_type=\"widget\" data-e-type=\"widget\" data-settings=\"{&quot;_animation&quot;:&quot;fadeInUp&quot;}\" data-widget_type=\"heading.default\">\n\t\t\t\t<div class=\"elementor-widget-container\">\n\t\t\t\t\t<h2 class=\"elementor-heading-title elementor-size-default\">3.<\/h2>\t\t\t\t<\/div>\n\t\t\t\t<\/div>\n\t\t\t\t<div class=\"elementor-element elementor-element-46d88c1 elementor-widget__width-initial custom-marks elementor-invisible elementor-widget elementor-widget-text-editor\" data-id=\"46d88c1\" data-element_type=\"widget\" data-e-type=\"widget\" data-settings=\"{&quot;_animation&quot;:&quot;fadeInUp&quot;}\" data-widget_type=\"text-editor.default\">\n\t\t\t\t<div class=\"elementor-widget-container\">\n\t\t\t\t\t\t\t\t\t<p>Ap\u00f3s aprova\u00e7\u00e3o, oferecemos uma forma\u00e7\u00e3o completa sobre opera\u00e7\u00e3o do est\u00fadio, gest\u00e3o e utiliza\u00e7\u00e3o da tecnologia Evolluxor.<\/p>\t\t\t\t\t\t\t\t<\/div>\n\t\t\t\t<\/div>\n\t\t\t\t<div class=\"elementor-element elementor-element-67fc056 elementor-invisible elementor-widget elementor-widget-heading\" data-id=\"67fc056\" data-element_type=\"widget\" data-e-type=\"widget\" data-settings=\"{&quot;_animation&quot;:&quot;fadeInUp&quot;}\" data-widget_type=\"heading.default\">\n\t\t\t\t<div class=\"elementor-widget-container\">\n\t\t\t\t\t<h2 class=\"elementor-heading-title elementor-size-default\">4.<\/h2>\t\t\t\t<\/div>\n\t\t\t\t<\/div>\n\t\t\t\t<div class=\"elementor-element elementor-element-d46c61d elementor-widget__width-initial custom-marks elementor-invisible elementor-widget elementor-widget-text-editor\" data-id=\"d46c61d\" data-element_type=\"widget\" data-e-type=\"widget\" data-settings=\"{&quot;_animation&quot;:&quot;fadeInUp&quot;}\" data-widget_type=\"text-editor.default\">\n\t\t\t\t<div class=\"elementor-widget-container\">\n\t\t\t\t\t\t\t\t\t<p>Com o nosso suporte, o teu est\u00fadio estar\u00e1 pronto para abrir as portas, oferecendo uma experi\u00eancia de treino \u00fanica \u00e0 tua comunidade.<\/p>\t\t\t\t\t\t\t\t<\/div>\n\t\t\t\t<\/div>\n\t\t\t\t<\/div>\n\t\t<div class=\"elementor-element elementor-element-e946b86 e-con-full e-flex e-con e-child\" data-id=\"e946b86\" data-element_type=\"container\" data-e-type=\"container\">\n\t\t\t\t<div class=\"elementor-element elementor-element-21cb767 elementor-widget__width-initial elementor-widget-mobile__width-inherit elementor-button-align-stretch elementor-widget elementor-widget-form\" data-id=\"21cb767\" data-element_type=\"widget\" data-e-type=\"widget\" data-settings=\"{&quot;step_next_label&quot;:&quot;Next&quot;,&quot;step_previous_label&quot;:&quot;Previous&quot;,&quot;button_width&quot;:&quot;100&quot;,&quot;step_type&quot;:&quot;number_text&quot;,&quot;step_icon_shape&quot;:&quot;circle&quot;}\" data-widget_type=\"form.default\">\n\t\t\t\t<div class=\"elementor-widget-container\">\n\t\t\t\t\t\t\t<form class=\"elementor-form\" method=\"post\" name=\"Form Parceiros\" aria-label=\"Form Parceiros\">\n\t\t\t<input type=\"hidden\" name=\"post_id\" value=\"1536\"\/>\n\t\t\t<input type=\"hidden\" name=\"form_id\" value=\"21cb767\"\/>\n\t\t\t<input type=\"hidden\" name=\"referer_title\" value=\"PARCEIROS - evolluxor.com\" \/>\n\n\t\t\t\t\t\t\t<input type=\"hidden\" name=\"queried_id\" value=\"1536\"\/>\n\t\t\t\n\t\t\t<div class=\"elementor-form-fields-wrapper elementor-labels-\">\n\t\t\t\t\t\t\t\t<div class=\"elementor-field-type-text elementor-field-group elementor-column elementor-field-group-name elementor-col-100\">\n\t\t\t\t\t\t\t\t\t\t\t\t<label for=\"form-field-name\" class=\"elementor-field-label elementor-screen-only\">\n\t\t\t\t\t\t\t\tNome\t\t\t\t\t\t\t<\/label>\n\t\t\t\t\t\t\t\t\t\t\t\t\t\t<input size=\"1\" type=\"text\" name=\"form_fields[name]\" id=\"form-field-name\" class=\"elementor-field elementor-size-sm  elementor-field-textual\" placeholder=\"Nome\">\n\t\t\t\t\t\t\t\t\t\t\t<\/div>\n\t\t\t\t\t\t\t\t<div class=\"elementor-field-type-email elementor-field-group elementor-column elementor-field-group-email elementor-col-100 elementor-field-required\">\n\t\t\t\t\t\t\t\t\t\t\t\t<label for=\"form-field-email\" class=\"elementor-field-label elementor-screen-only\">\n\t\t\t\t\t\t\t\tEmail\t\t\t\t\t\t\t<\/label>\n\t\t\t\t\t\t\t\t\t\t\t\t\t\t<input size=\"1\" type=\"email\" name=\"form_fields[email]\" id=\"form-field-email\" class=\"elementor-field elementor-size-sm  elementor-field-textual\" placeholder=\"Email\" required=\"required\">\n\t\t\t\t\t\t\t\t\t\t\t<\/div>\n\t\t\t\t\t\t\t\t<div class=\"elementor-field-type-tel elementor-field-group elementor-column elementor-field-group-field_b1e9d36 elementor-col-100 elementor-field-required\">\n\t\t\t\t\t\t\t\t\t\t\t\t<label for=\"form-field-field_b1e9d36\" class=\"elementor-field-label elementor-screen-only\">\n\t\t\t\t\t\t\t\tTelem\u00f3vel\t\t\t\t\t\t\t<\/label>\n\t\t\t\t\t\t\t\t<input size=\"1\" type=\"tel\" name=\"form_fields[field_b1e9d36]\" id=\"form-field-field_b1e9d36\" class=\"elementor-field elementor-size-sm  elementor-field-textual\" placeholder=\"Telem\u00f3vel\" required=\"required\" pattern=\"[0-9()#&amp;+*-=.]+\" title=\"Only numbers and phone characters (#, -, *, etc) are accepted.\">\n\n\t\t\t\t\t\t<\/div>\n\t\t\t\t\t\t\t\t<div class=\"elementor-field-type-text elementor-field-group elementor-column elementor-field-group-field_1e6bb4a elementor-col-100 elementor-field-required\">\n\t\t\t\t\t\t\t\t\t\t\t\t<label for=\"form-field-field_1e6bb4a\" class=\"elementor-field-label elementor-screen-only\">\n\t\t\t\t\t\t\t\tOnde queres abrir um est\u00fadio?\t\t\t\t\t\t\t<\/label>\n\t\t\t\t\t\t\t\t\t\t\t\t\t\t<input size=\"1\" type=\"text\" name=\"form_fields[field_1e6bb4a]\" id=\"form-field-field_1e6bb4a\" class=\"elementor-field elementor-size-sm  elementor-field-textual\" placeholder=\"Onde queres abrir um est\u00fadio?\" required=\"required\">\n\t\t\t\t\t\t\t\t\t\t\t<\/div>\n\t\t\t\t\t\t\t\t<div class=\"elementor-field-type-textarea elementor-field-group elementor-column elementor-field-group-message elementor-col-100\">\n\t\t\t\t\t\t\t\t\t\t\t\t<label for=\"form-field-message\" class=\"elementor-field-label elementor-screen-only\">\n\t\t\t\t\t\t\t\tMessagem\t\t\t\t\t\t\t<\/label>\n\t\t\t\t\t\t<textarea class=\"elementor-field-textual elementor-field  elementor-size-sm\" name=\"form_fields[message]\" id=\"form-field-message\" rows=\"4\" placeholder=\"Messagem\"><\/textarea>\t\t\t\t<\/div>\n\t\t\t\t\t\t\t\t<div class=\"elementor-field-group elementor-column elementor-field-type-submit elementor-col-100 e-form__buttons\">\n\t\t\t\t\t<button class=\"elementor-button elementor-size-sm elementor-animation-grow\" type=\"submit\">\n\t\t\t\t\t\t<span class=\"elementor-button-content-wrapper\">\n\t\t\t\t\t\t\t\t\t\t\t\t\t\t\t\t\t\t\t\t\t\t<span class=\"elementor-button-text\">ENVIAR<\/span>\n\t\t\t\t\t\t\t\t\t\t\t\t\t<\/span>\n\t\t\t\t\t<\/button>\n\t\t\t\t<\/div>\n\t\t\t<\/div>\n\t\t<\/form>\n\t\t\t\t\t\t<\/div>\n\t\t\t\t<\/div>\n\t\t\t\t<\/div>\n\t\t\t\t\t<\/div>\n\t\t\t\t<\/div>\n\t\t\t\t<\/div>\n\t\t","protected":false},"excerpt":{"rendered":"<p>Parceiros Queres abrir um est\u00fadio Evolluxor? Transforma o futuro do fitness na tua cidade com a nossa tecnologia de treino inovadora. Por que escolher a Evolluxor? Criamos uma experi\u00eancia de treino que vai al\u00e9m dos resultados f\u00edsicos. Utilizamos tecnologia avan\u00e7ada para oferecer treinos r\u00e1pidos e eficazes, com foco no bem-estar. Ao abrires um est\u00fadio Evolluxor [&hellip;]<\/p>\n","protected":false},"author":1,"featured_media":0,"parent":0,"menu_order":0,"comment_status":"closed","ping_status":"closed","template":"elementor_header_footer","meta":{"footnotes":""},"class_list":["post-1536","page","type-page","status-publish","hentry"],"yoast_head":"<!-- This site is optimized with the Yoast SEO plugin v27.4 - https:\/\/yoast.com\/product\/yoast-seo-wordpress\/ -->\n<title>PARCEIROS - evolluxor.com<\/title>\n<meta name=\"robots\" content=\"index, follow, max-snippet:-1, max-image-preview:large, max-video-preview:-1\" \/>\n<link rel=\"canonical\" href=\"https:\/\/evolluxor.com\/index.php\/parceiros-2\/\" \/>\n<meta property=\"og:locale\" content=\"pt_PT\" \/>\n<meta property=\"og:type\" content=\"article\" \/>\n<meta property=\"og:title\" content=\"PARCEIROS - evolluxor.com\" \/>\n<meta property=\"og:description\" content=\"Parceiros Queres abrir um est\u00fadio Evolluxor? Transforma o futuro do fitness na tua cidade com a nossa tecnologia de treino inovadora. Por que escolher a Evolluxor? Criamos uma experi\u00eancia de treino que vai al\u00e9m dos resultados f\u00edsicos. Utilizamos tecnologia avan\u00e7ada para oferecer treinos r\u00e1pidos e eficazes, com foco no bem-estar. Ao abrires um est\u00fadio Evolluxor [&hellip;]\" \/>\n<meta property=\"og:url\" content=\"https:\/\/evolluxor.com\/index.php\/parceiros-2\/\" \/>\n<meta property=\"og:site_name\" content=\"evolluxor.com\" \/>\n<meta property=\"article:modified_time\" content=\"2025-01-31T13:47:49+00:00\" \/>\n<meta name=\"twitter:card\" content=\"summary_large_image\" \/>\n<meta name=\"twitter:label1\" content=\"Tempo estimado de leitura\" \/>\n\t<meta name=\"twitter:data1\" content=\"2 minutos\" \/>\n<script type=\"application\/ld+json\" class=\"yoast-schema-graph\">{\"@context\":\"https:\\\/\\\/schema.org\",\"@graph\":[{\"@type\":\"WebPage\",\"@id\":\"https:\\\/\\\/evolluxor.com\\\/index.php\\\/parceiros-2\\\/\",\"url\":\"https:\\\/\\\/evolluxor.com\\\/index.php\\\/parceiros-2\\\/\",\"name\":\"PARCEIROS - evolluxor.com\",\"isPartOf\":{\"@id\":\"https:\\\/\\\/evolluxor.com\\\/#website\"},\"datePublished\":\"2024-12-28T11:23:00+00:00\",\"dateModified\":\"2025-01-31T13:47:49+00:00\",\"breadcrumb\":{\"@id\":\"https:\\\/\\\/evolluxor.com\\\/index.php\\\/parceiros-2\\\/#breadcrumb\"},\"inLanguage\":\"pt-PT\",\"potentialAction\":[{\"@type\":\"ReadAction\",\"target\":[\"https:\\\/\\\/evolluxor.com\\\/index.php\\\/parceiros-2\\\/\"]}]},{\"@type\":\"BreadcrumbList\",\"@id\":\"https:\\\/\\\/evolluxor.com\\\/index.php\\\/parceiros-2\\\/#breadcrumb\",\"itemListElement\":[{\"@type\":\"ListItem\",\"position\":1,\"name\":\"Home\",\"item\":\"https:\\\/\\\/evolluxor.com\\\/\"},{\"@type\":\"ListItem\",\"position\":2,\"name\":\"PARCEIROS\"}]},{\"@type\":\"WebSite\",\"@id\":\"https:\\\/\\\/evolluxor.com\\\/#website\",\"url\":\"https:\\\/\\\/evolluxor.com\\\/\",\"name\":\"evolluxor.com\",\"description\":\"A revolu\u00e7\u00e3o do bem-estar\",\"publisher\":{\"@id\":\"https:\\\/\\\/evolluxor.com\\\/#organization\"},\"potentialAction\":[{\"@type\":\"SearchAction\",\"target\":{\"@type\":\"EntryPoint\",\"urlTemplate\":\"https:\\\/\\\/evolluxor.com\\\/?s={search_term_string}\"},\"query-input\":{\"@type\":\"PropertyValueSpecification\",\"valueRequired\":true,\"valueName\":\"search_term_string\"}}],\"inLanguage\":\"pt-PT\"},{\"@type\":\"Organization\",\"@id\":\"https:\\\/\\\/evolluxor.com\\\/#organization\",\"name\":\"evolluxor.com\",\"url\":\"https:\\\/\\\/evolluxor.com\\\/\",\"logo\":{\"@type\":\"ImageObject\",\"inLanguage\":\"pt-PT\",\"@id\":\"https:\\\/\\\/evolluxor.com\\\/#\\\/schema\\\/logo\\\/image\\\/\",\"url\":\"https:\\\/\\\/evolluxor.com\\\/wp-content\\\/uploads\\\/2024\\\/11\\\/Ativo-2@2x.png\",\"contentUrl\":\"https:\\\/\\\/evolluxor.com\\\/wp-content\\\/uploads\\\/2024\\\/11\\\/Ativo-2@2x.png\",\"width\":2161,\"height\":2161,\"caption\":\"evolluxor.com\"},\"image\":{\"@id\":\"https:\\\/\\\/evolluxor.com\\\/#\\\/schema\\\/logo\\\/image\\\/\"}}]}<\/script>\n<!-- \/ Yoast SEO plugin. -->","yoast_head_json":{"title":"PARCEIROS - evolluxor.com","robots":{"index":"index","follow":"follow","max-snippet":"max-snippet:-1","max-image-preview":"max-image-preview:large","max-video-preview":"max-video-preview:-1"},"canonical":"https:\/\/evolluxor.com\/index.php\/parceiros-2\/","og_locale":"pt_PT","og_type":"article","og_title":"PARCEIROS - evolluxor.com","og_description":"Parceiros Queres abrir um est\u00fadio Evolluxor? Transforma o futuro do fitness na tua cidade com a nossa tecnologia de treino inovadora. Por que escolher a Evolluxor? Criamos uma experi\u00eancia de treino que vai al\u00e9m dos resultados f\u00edsicos. Utilizamos tecnologia avan\u00e7ada para oferecer treinos r\u00e1pidos e eficazes, com foco no bem-estar. Ao abrires um est\u00fadio Evolluxor [&hellip;]","og_url":"https:\/\/evolluxor.com\/index.php\/parceiros-2\/","og_site_name":"evolluxor.com","article_modified_time":"2025-01-31T13:47:49+00:00","twitter_card":"summary_large_image","twitter_misc":{"Tempo estimado de leitura":"2 minutos"},"schema":{"@context":"https:\/\/schema.org","@graph":[{"@type":"WebPage","@id":"https:\/\/evolluxor.com\/index.php\/parceiros-2\/","url":"https:\/\/evolluxor.com\/index.php\/parceiros-2\/","name":"PARCEIROS - evolluxor.com","isPartOf":{"@id":"https:\/\/evolluxor.com\/#website"},"datePublished":"2024-12-28T11:23:00+00:00","dateModified":"2025-01-31T13:47:49+00:00","breadcrumb":{"@id":"https:\/\/evolluxor.com\/index.php\/parceiros-2\/#breadcrumb"},"inLanguage":"pt-PT","potentialAction":[{"@type":"ReadAction","target":["https:\/\/evolluxor.com\/index.php\/parceiros-2\/"]}]},{"@type":"BreadcrumbList","@id":"https:\/\/evolluxor.com\/index.php\/parceiros-2\/#breadcrumb","itemListElement":[{"@type":"ListItem","position":1,"name":"Home","item":"https:\/\/evolluxor.com\/"},{"@type":"ListItem","position":2,"name":"PARCEIROS"}]},{"@type":"WebSite","@id":"https:\/\/evolluxor.com\/#website","url":"https:\/\/evolluxor.com\/","name":"evolluxor.com","description":"A revolu\u00e7\u00e3o do bem-estar","publisher":{"@id":"https:\/\/evolluxor.com\/#organization"},"potentialAction":[{"@type":"SearchAction","target":{"@type":"EntryPoint","urlTemplate":"https:\/\/evolluxor.com\/?s={search_term_string}"},"query-input":{"@type":"PropertyValueSpecification","valueRequired":true,"valueName":"search_term_string"}}],"inLanguage":"pt-PT"},{"@type":"Organization","@id":"https:\/\/evolluxor.com\/#organization","name":"evolluxor.com","url":"https:\/\/evolluxor.com\/","logo":{"@type":"ImageObject","inLanguage":"pt-PT","@id":"https:\/\/evolluxor.com\/#\/schema\/logo\/image\/","url":"https:\/\/evolluxor.com\/wp-content\/uploads\/2024\/11\/Ativo-2@2x.png","contentUrl":"https:\/\/evolluxor.com\/wp-content\/uploads\/2024\/11\/Ativo-2@2x.png","width":2161,"height":2161,"caption":"evolluxor.com"},"image":{"@id":"https:\/\/evolluxor.com\/#\/schema\/logo\/image\/"}}]}},"_links":{"self":[{"href":"https:\/\/evolluxor.com\/index.php\/wp-json\/wp\/v2\/pages\/1536","targetHints":{"allow":["GET"]}}],"collection":[{"href":"https:\/\/evolluxor.com\/index.php\/wp-json\/wp\/v2\/pages"}],"about":[{"href":"https:\/\/evolluxor.com\/index.php\/wp-json\/wp\/v2\/types\/page"}],"author":[{"embeddable":true,"href":"https:\/\/evolluxor.com\/index.php\/wp-json\/wp\/v2\/users\/1"}],"replies":[{"embeddable":true,"href":"https:\/\/evolluxor.com\/index.php\/wp-json\/wp\/v2\/comments?post=1536"}],"version-history":[{"count":16,"href":"https:\/\/evolluxor.com\/index.php\/wp-json\/wp\/v2\/pages\/1536\/revisions"}],"predecessor-version":[{"id":1960,"href":"https:\/\/evolluxor.com\/index.php\/wp-json\/wp\/v2\/pages\/1536\/revisions\/1960"}],"wp:attachment":[{"href":"https:\/\/evolluxor.com\/index.php\/wp-json\/wp\/v2\/media?parent=1536"}],"curies":[{"name":"wp","href":"https:\/\/api.w.org\/{rel}","templated":true}]}}